{"id":99,"date":"2018-12-19T05:28:26","date_gmt":"2018-12-19T05:28:26","guid":{"rendered":"https:\/\/aufgaben.holliesoft.de\/?page_id=99"},"modified":"2018-12-20T18:03:24","modified_gmt":"2018-12-20T18:03:24","slug":"eine-aufgabe-erstellen","status":"publish","type":"page","link":"https:\/\/aufgaben.holliesoft.de\/index.php\/aufgaben\/eine-aufgabe-erstellen\/","title":{"rendered":"Eine Aufgabe erstellen"},"content":{"rendered":"<p>Klicken Sie zum Erstellen einer Aufgabe im Programmfenster von Aufgaben auf die Schaltfl\u00e4che &#8222;Neue Aufgabe&#8220;.<\/p>\n<p>Daraufhin \u00f6ffnet sich ein Fenster zur Eingabe der Daten f\u00fcr die neue Aufgabe.<\/p>\n<p><a href=\"https:\/\/aufgaben.holliesoft.de\/wp-content\/uploads\/2018\/12\/Aufgabe-erstellen.png\"><img loading=\"lazy\" decoding=\"async\" class=\"alignnone size-full wp-image-116\" src=\"https:\/\/aufgaben.holliesoft.de\/wp-content\/uploads\/2018\/12\/Aufgabe-erstellen.png\" alt=\"\" width=\"586\" height=\"593\" srcset=\"https:\/\/aufgaben.holliesoft.de\/wp-content\/uploads\/2018\/12\/Aufgabe-erstellen.png 586w, https:\/\/aufgaben.holliesoft.de\/wp-content\/uploads\/2018\/12\/Aufgabe-erstellen-296x300.png 296w\" sizes=\"auto, (max-width: 586px) 100vw, 586px\" \/><\/a><\/p>\n<h5>1 Betreff<\/h5>\n<p>Geben Sie einen Betreff f\u00fcr die Aufgabe ein. Dieser sollte kurz wiedergeben, um was f\u00fcr eine Aufgabe es sich handelt.<\/p>\n<p>Dies ist das einzige Pflichtfeld (muss ausgef\u00fcllt werden).<\/p>\n<h5>2 Zu erledigen bis<\/h5>\n<p>Sie k\u00f6nnen der Aufgabe ein F\u00e4lligkeitsdatum geben. Die Aufgabe wird dann in der Aufgabenliste entsprechend farblich dargestellt, wenn sie \u00fcberf\u00e4llig ist (Datum &#8222;zu erledigen bis&#8220; wurde \u00fcberschritten).\u00a0Eine Aufgabe kann auch ohne konkreten F\u00e4lligkeitstermin erstellt werden. F\u00fcr eine solche Aufgabe kann keine Wiederholungsregel erstellt werden. Das Datumsfeld ist intelligent und unterst\u00fctzt <a href=\"https:\/\/aufgaben.holliesoft.de\/index.php\/datums-und-zeiteingabe\/\">relative Datumsangaben<\/a>.<\/p>\n<h5>3 Beginn-Datum<\/h5>\n<p>Sie k\u00f6nnen zus\u00e4tzlich zu dem Erledigungs-Datum auch ein Beginn-Datum angeben.\u00a0Die Aufgabe wird dann in der Aufgabenliste entsprechend farblich dargestellt, wenn sie aktiv ist (Beginn-Datum \u00fcberschritten).<\/p>\n<h5>4 Erinnerung<\/h5>\n<p>Optional k\u00f6nnen Sie sich \u00fcber einen Dialog, der zudem einen kurzen Alarm-Sound wiedergibt, an eine Aufgabe erinnern lassen. Aktivieren Sie dazu die Option &#8222;Aktiv&#8220; im Abschnitt &#8222;Erinnerung&#8220; und geben einen Zeitpunkt f\u00fcr die Erinnerung an.<\/p>\n<p>Wenn Sie einen eigenen Alarmklang f\u00fcr diese Erinnerung ausw\u00e4hlen m\u00f6chten, dann k\u00f6nnen Sie \u00fcber die Option &#8222;Eigener Alarmklang&#8220; eine eigene MP3-Datei ausw\u00e4hlen (5).<\/p>\n<h5>6 Wiederholung<\/h5>\n<p>Klicken Sie auf die Schaltfl\u00e4che Wiederholung, um f\u00fcr die Aufgabe eine Wiederholung einzustellen. Sie k\u00f6nnen eine Aufgabe regelm\u00e4\u00dfig wiederholen lassen, z.B. t\u00e4glich, jeden Werktag, w\u00f6chentlich oder monatlich. Auch Wiederholungsregeln wie z.B. &#8222;Jeden ersten Arbeitstag im Monat&#8220; sind m\u00f6glich. Aufgrund des Umfangs sind die Wiederholungsregeln separat beschrieben.<\/p>\n<h5>7 Erledigte Aufgabe automatisch l\u00f6schen<\/h5>\n<p>Standardm\u00e4\u00dfig bleiben erledigte Aufgaben in der Aufgabenliste und werden lediglich standardm\u00e4\u00dfig ausgeblendet. Sie k\u00f6nnen \u00fcber die Option &#8222;Erledigte Aufgabe automatisch l\u00f6schen&#8220; vorgeben, dass diese Aufgabe nach Erledigung gel\u00f6scht wird. Diese Option l\u00e4sst sich \u00fcber die Einstellungen f\u00fcr alle neu erstellten Aufgaben vorbelegen.<\/p>\n<h5>8 Bemerkungen<\/h5>\n<p>Hier k\u00f6nnen Sie ausf\u00fchrliche Informationen zu der erstellten Aufgabe eintragen. Dieses Feld hat keine Gr\u00f6\u00dfenbeschr\u00e4nkung.<\/p>\n<h5>9 Links<\/h5>\n<p>Hier k\u00f6nnen Sie Verkn\u00fcpfungen (Links) zu Webseiten, E-Mail-Adressen oder Dateien auf Ihrem Computer einf\u00fcgen, die in der Aufgabenliste oder im Erinnerungsdialog einfach angeklickt werden k\u00f6nnen. Die Funktionalit\u00e4t ist in einem separaten Kapitel dokumentiert.<\/p>\n<h5>10 Kategorie<\/h5>\n<p>Sie k\u00f6nnen eine Aufgabe einer Kategorie zuordnen. Die Kategorien k\u00f6nnen auch \u00fcber die Einstellungen bearbeitet werden. Aufgaben, die \u00fcber \u201eNeue einfache Erinnerungs-Aufgabe\u201c erstellt werden, bekommen automatisch die Kategorie \u201eErinnerung\u201c zugewiesen.<br \/>\nDie Verwaltung der Kategorien wird im eigenen Kapitel zu den Kategorien genau beschrieben.<\/p>\n<h5>11 Priorit\u00e4t<\/h5>\n<p>Sie k\u00f6nnen einer Aufgabe eine Priorit\u00e4t zuweisen um sie als mehr oder weniger wichtig zu markieren. Folgende Priorit\u00e4ten sind ausw\u00e4hlbar:<br \/>\n\u2022 Niedrig<br \/>\n\u2022 Normal<br \/>\n\u2022 Hoch<br \/>\n\u2022 Sehr hoch<br \/>\nDie Priorit\u00e4t einer Aufgabe wird in der Aufgabenliste mit einem entsprechenden Symbol dargestellt.<\/p>\n<h5>Speichern<\/h5>\n<p>Klicken Sie zum Speichern der neuen Aufgabe auf die Schaltfl\u00e4che Speichern.<\/p>\n","protected":false},"excerpt":{"rendered":"<p>Klicken Sie zum Erstellen einer Aufgabe im Programmfenster von Aufgaben auf die Schaltfl\u00e4che &#8222;Neue Aufgabe&#8220;. Daraufhin \u00f6ffnet sich ein Fenster zur Eingabe der Daten f\u00fcr die neue Aufgabe. 1 Betreff Geben Sie einen Betreff f\u00fcr die Aufgabe ein. Dieser sollte kurz wiedergeben, um was f\u00fcr eine Aufgabe es sich handelt. Dies ist das einzige Pflichtfeld [&#8230;]<\/p>\n<p><a class=\"btn btn-secondary understrap-read-more-link\" href=\"https:\/\/aufgaben.holliesoft.de\/index.php\/aufgaben\/eine-aufgabe-erstellen\/\">Weiterlesen\u00a0\u2026<span class=\"screen-reader-text\"> from Eine Aufgabe erstellen<\/span><\/a><\/p>\n","protected":false},"author":1,"featured_media":0,"parent":107,"menu_order":0,"comment_status":"closed","ping_status":"closed","template":"","meta":{"footnotes":""},"class_list":["post-99","page","type-page","status-publish","hentry"],"_links":{"self":[{"href":"https:\/\/aufgaben.holliesoft.de\/index.php\/wp-json\/wp\/v2\/pages\/99","targetHints":{"allow":["GET"]}}],"collection":[{"href":"https:\/\/aufgaben.holliesoft.de\/index.php\/wp-json\/wp\/v2\/pages"}],"about":[{"href":"https:\/\/aufgaben.holliesoft.de\/index.php\/wp-json\/wp\/v2\/types\/page"}],"author":[{"embeddable":true,"href":"https:\/\/aufgaben.holliesoft.de\/index.php\/wp-json\/wp\/v2\/users\/1"}],"replies":[{"embeddable":true,"href":"https:\/\/aufgaben.holliesoft.de\/index.php\/wp-json\/wp\/v2\/comments?post=99"}],"version-history":[{"count":7,"href":"https:\/\/aufgaben.holliesoft.de\/index.php\/wp-json\/wp\/v2\/pages\/99\/revisions"}],"predecessor-version":[{"id":124,"href":"https:\/\/aufgaben.holliesoft.de\/index.php\/wp-json\/wp\/v2\/pages\/99\/revisions\/124"}],"up":[{"embeddable":true,"href":"https:\/\/aufgaben.holliesoft.de\/index.php\/wp-json\/wp\/v2\/pages\/107"}],"wp:attachment":[{"href":"https:\/\/aufgaben.holliesoft.de\/index.php\/wp-json\/wp\/v2\/media?parent=99"}],"curies":[{"name":"wp","href":"https:\/\/api.w.org\/{rel}","templated":true}]}}