{"id":8,"date":"2018-11-29T19:43:04","date_gmt":"2018-11-29T19:43:04","guid":{"rendered":"https:\/\/aufgaben.holliesoft.de\/?page_id=8"},"modified":"2019-02-22T05:05:01","modified_gmt":"2019-02-22T05:05:01","slug":"startseite","status":"publish","type":"page","link":"https:\/\/aufgaben.holliesoft.de\/","title":{"rendered":"Willkommen!"},"content":{"rendered":"<p>\u201eAufgaben\u201c ist eine Software zur Verwaltung von Aufgaben \u2013 also eine Liste mit zu erledigenden T\u00e4tigkeiten, die abgehakt werden k\u00f6nnen. Zu den Aufgaben k\u00f6nnen Erinnerungsmeldungen aktiviert werden, die einen w\u00e4hrend der Arbeit am PC an zu erledigende Aufgaben erinnert.<\/p>\n<p>Dies ist die offizielle Dokumentation vom Programm &#8222;Aufgaben&#8220;. Diese Seiten werden parallel zu neuen Versionen von &#8222;Aufgaben&#8220; gepflegt.<\/p>\n<p>Alle Abbildungen des Programms &#8222;Aufgaben&#8220; in dieser Anleitung wurden unter Windows 10 gemacht. Das Aussehen der Programmfenster kann in fr\u00fcheren Windows-Versionen geringf\u00fcgig abweichen.<\/p>\n","protected":false},"excerpt":{"rendered":"<p>\u201eAufgaben\u201c ist eine Software zur Verwaltung von Aufgaben \u2013 also eine Liste mit zu erledigenden T\u00e4tigkeiten, die abgehakt werden k\u00f6nnen. Zu den Aufgaben k\u00f6nnen Erinnerungsmeldungen aktiviert werden, die einen w\u00e4hrend der Arbeit am PC an zu erledigende Aufgaben erinnert. Dies ist die offizielle Dokumentation vom Programm &#8222;Aufgaben&#8220;. Diese Seiten werden parallel zu neuen Versionen von [&#8230;]<\/p>\n<p><a class=\"btn btn-secondary understrap-read-more-link\" href=\"https:\/\/aufgaben.holliesoft.de\/\">Weiterlesen\u00a0\u2026<span class=\"screen-reader-text\"> from Willkommen!<\/span><\/a><\/p>\n","protected":false},"author":1,"featured_media":41,"parent":0,"menu_order":0,"comment_status":"closed","ping_status":"closed","template":"","meta":{"footnotes":""},"class_list":["post-8","page","type-page","status-publish","has-post-thumbnail","hentry"],"_links":{"self":[{"href":"https:\/\/aufgaben.holliesoft.de\/index.php\/wp-json\/wp\/v2\/pages\/8","targetHints":{"allow":["GET"]}}],"collection":[{"href":"https:\/\/aufgaben.holliesoft.de\/index.php\/wp-json\/wp\/v2\/pages"}],"about":[{"href":"https:\/\/aufgaben.holliesoft.de\/index.php\/wp-json\/wp\/v2\/types\/page"}],"author":[{"embeddable":true,"href":"https:\/\/aufgaben.holliesoft.de\/index.php\/wp-json\/wp\/v2\/users\/1"}],"replies":[{"embeddable":true,"href":"https:\/\/aufgaben.holliesoft.de\/index.php\/wp-json\/wp\/v2\/comments?post=8"}],"version-history":[{"count":5,"href":"https:\/\/aufgaben.holliesoft.de\/index.php\/wp-json\/wp\/v2\/pages\/8\/revisions"}],"predecessor-version":[{"id":138,"href":"https:\/\/aufgaben.holliesoft.de\/index.php\/wp-json\/wp\/v2\/pages\/8\/revisions\/138"}],"wp:featuredmedia":[{"embeddable":true,"href":"https:\/\/aufgaben.holliesoft.de\/index.php\/wp-json\/wp\/v2\/media\/41"}],"wp:attachment":[{"href":"https:\/\/aufgaben.holliesoft.de\/index.php\/wp-json\/wp\/v2\/media?parent=8"}],"curies":[{"name":"wp","href":"https:\/\/api.w.org\/{rel}","templated":true}]}}