{"id":58,"date":"2018-12-04T15:23:32","date_gmt":"2018-12-04T15:23:32","guid":{"rendered":"https:\/\/aufgaben.holliesoft.de\/?page_id=58"},"modified":"2018-12-19T04:55:02","modified_gmt":"2018-12-19T04:55:02","slug":"herunterladen","status":"publish","type":"page","link":"https:\/\/aufgaben.holliesoft.de\/index.php\/herunterladen\/","title":{"rendered":"Herunterladen"},"content":{"rendered":"<h2>Download von Aufgaben<\/h2>\n<ol>\n<li>Rufen Sie die Webseite <a href=\"https:\/\/holliesoft.de\" target=\"_blank\" rel=\"noopener\">https:\/\/holliesoft.de<\/a> auf<\/li>\n<li>Klicken Sie auf der linken Seite im Abschnitt &#8222;Software&#8220; auf den Eintrag &#8222;Aufgaben&#8220;:<br \/>\n<a href=\"https:\/\/aufgaben.holliesoft.de\/wp-content\/uploads\/2018\/12\/AufgabenDownload1.png\"><img loading=\"lazy\" decoding=\"async\" class=\"alignnone size-large wp-image-59\" src=\"https:\/\/aufgaben.holliesoft.de\/wp-content\/uploads\/2018\/12\/AufgabenDownload1-1024x799.png\" alt=\"\" width=\"640\" height=\"499\" srcset=\"https:\/\/aufgaben.holliesoft.de\/wp-content\/uploads\/2018\/12\/AufgabenDownload1-1024x799.png 1024w, https:\/\/aufgaben.holliesoft.de\/wp-content\/uploads\/2018\/12\/AufgabenDownload1-300x234.png 300w, https:\/\/aufgaben.holliesoft.de\/wp-content\/uploads\/2018\/12\/AufgabenDownload1-768x599.png 768w, https:\/\/aufgaben.holliesoft.de\/wp-content\/uploads\/2018\/12\/AufgabenDownload1.png 1025w\" sizes=\"auto, (max-width: 640px) 100vw, 640px\" \/><\/a><\/li>\n<li>Klicken Sie auf der rechten Seite auf den Eintrag &#8222;Herunterladen&#8220;:<a style=\"font-family: inherit; font-size: 2rem; background-color: #ffffff;\" href=\"https:\/\/aufgaben.holliesoft.de\/wp-content\/uploads\/2018\/12\/AufgabenDownload2.png\"><img loading=\"lazy\" decoding=\"async\" class=\"alignnone size-full wp-image-81\" src=\"https:\/\/aufgaben.holliesoft.de\/wp-content\/uploads\/2018\/12\/AufgabenDownload2.png\" alt=\"\" width=\"1023\" height=\"799\" srcset=\"https:\/\/aufgaben.holliesoft.de\/wp-content\/uploads\/2018\/12\/AufgabenDownload2.png 1023w, https:\/\/aufgaben.holliesoft.de\/wp-content\/uploads\/2018\/12\/AufgabenDownload2-300x234.png 300w, https:\/\/aufgaben.holliesoft.de\/wp-content\/uploads\/2018\/12\/AufgabenDownload2-768x600.png 768w\" sizes=\"auto, (max-width: 1023px) 100vw, 1023px\" \/><\/a><\/li>\n<li>Die folgenden Schritte h\u00e4ngen von dem von Ihnen eingesetzten Browser ab. Wenn Sie den Browser &#8222;Microsoft Edge&#8220; verwenden, werden Sie gefragt, ob Sie die Datei \u00f6ffnen oder Speichern wollen:<br \/>\n<a href=\"https:\/\/aufgaben.holliesoft.de\/wp-content\/uploads\/2018\/12\/AufgabenDownload3.png\"><img loading=\"lazy\" decoding=\"async\" class=\"alignnone size-full wp-image-82\" src=\"https:\/\/aufgaben.holliesoft.de\/wp-content\/uploads\/2018\/12\/AufgabenDownload3.png\" alt=\"\" width=\"956\" height=\"61\" srcset=\"https:\/\/aufgaben.holliesoft.de\/wp-content\/uploads\/2018\/12\/AufgabenDownload3.png 956w, https:\/\/aufgaben.holliesoft.de\/wp-content\/uploads\/2018\/12\/AufgabenDownload3-300x19.png 300w, https:\/\/aufgaben.holliesoft.de\/wp-content\/uploads\/2018\/12\/AufgabenDownload3-768x49.png 768w\" sizes=\"auto, (max-width: 956px) 100vw, 956px\" \/><\/a><br \/>\nW\u00e4hlen Sie hier &#8222;Speichern&#8220; aus. Andere Browser speichern die Datei automatisch.<\/li>\n<li>Nach dem Herunterladen m\u00fcssen Sie die heruntergeladene Datei ausf\u00fchren. Bei Microsoft Edge klicken Sie dazu in der folgenden Meldung auf &#8222;Ausf\u00fchren&#8220;:<br \/>\n<a href=\"https:\/\/aufgaben.holliesoft.de\/wp-content\/uploads\/2018\/12\/AufgabenDownload4.png\"><img loading=\"lazy\" decoding=\"async\" class=\"alignnone size-full wp-image-83\" src=\"https:\/\/aufgaben.holliesoft.de\/wp-content\/uploads\/2018\/12\/AufgabenDownload4.png\" alt=\"\" width=\"960\" height=\"56\" srcset=\"https:\/\/aufgaben.holliesoft.de\/wp-content\/uploads\/2018\/12\/AufgabenDownload4.png 960w, https:\/\/aufgaben.holliesoft.de\/wp-content\/uploads\/2018\/12\/AufgabenDownload4-300x18.png 300w, https:\/\/aufgaben.holliesoft.de\/wp-content\/uploads\/2018\/12\/AufgabenDownload4-768x45.png 768w\" sizes=\"auto, (max-width: 960px) 100vw, 960px\" \/><\/a><br \/>\nM\u00f6glicherweise erscheint nun eine Meldung, dass der Computer durch Windows gesch\u00fctzt wurde. Klicken Sie bitte in dieser Meldung auf &#8222;Weitere Informationen&#8220;:<br \/>\n<a href=\"https:\/\/aufgaben.holliesoft.de\/wp-content\/uploads\/2018\/12\/AufgabenSmartscreenA_1.png\"><img loading=\"lazy\" decoding=\"async\" class=\"alignnone size-full wp-image-84\" src=\"https:\/\/aufgaben.holliesoft.de\/wp-content\/uploads\/2018\/12\/AufgabenSmartscreenA_1.png\" alt=\"\" width=\"534\" height=\"500\" srcset=\"https:\/\/aufgaben.holliesoft.de\/wp-content\/uploads\/2018\/12\/AufgabenSmartscreenA_1.png 534w, https:\/\/aufgaben.holliesoft.de\/wp-content\/uploads\/2018\/12\/AufgabenSmartscreenA_1-300x281.png 300w\" sizes=\"auto, (max-width: 534px) 100vw, 534px\" \/><\/a><br \/>\nKlicken Sie bitte anschlie\u00dfend auf die Schaltfl\u00e4che &#8222;Trotzdem ausf\u00fchren&#8220;:<br \/>\n<a href=\"https:\/\/aufgaben.holliesoft.de\/wp-content\/uploads\/2018\/12\/2018-12-04_15h51_12.png\"><img loading=\"lazy\" decoding=\"async\" class=\"alignnone size-full wp-image-85\" src=\"https:\/\/aufgaben.holliesoft.de\/wp-content\/uploads\/2018\/12\/2018-12-04_15h51_12.png\" alt=\"\" width=\"534\" height=\"501\" srcset=\"https:\/\/aufgaben.holliesoft.de\/wp-content\/uploads\/2018\/12\/2018-12-04_15h51_12.png 534w, https:\/\/aufgaben.holliesoft.de\/wp-content\/uploads\/2018\/12\/2018-12-04_15h51_12-300x281.png 300w\" sizes=\"auto, (max-width: 534px) 100vw, 534px\" \/><\/a><br \/>\nSollte Ihr Browser die Datei automatisch heruntergeladen haben, wechseln Sie bitte im Windows Explorer in Ihren Download-Ordner und \u00f6ffnen dort die Datei &#8222;Aufgaben_setup&#8220; mit einem Doppelklick.<\/li>\n<li>Weiter geht es nun mit der Installation<\/li>\n<\/ol>\n","protected":false},"excerpt":{"rendered":"<p>Download von Aufgaben Rufen Sie die Webseite https:\/\/holliesoft.de auf Klicken Sie auf der linken Seite im Abschnitt &#8222;Software&#8220; auf den Eintrag &#8222;Aufgaben&#8220;: Klicken Sie auf der rechten Seite auf den Eintrag &#8222;Herunterladen&#8220;: Die folgenden Schritte h\u00e4ngen von dem von Ihnen eingesetzten Browser ab. Wenn Sie den Browser &#8222;Microsoft Edge&#8220; verwenden, werden Sie gefragt, ob Sie [&#8230;]<\/p>\n<p><a class=\"btn btn-secondary understrap-read-more-link\" href=\"https:\/\/aufgaben.holliesoft.de\/index.php\/herunterladen\/\">Weiterlesen\u00a0\u2026<span class=\"screen-reader-text\"> from Herunterladen<\/span><\/a><\/p>\n","protected":false},"author":1,"featured_media":0,"parent":0,"menu_order":0,"comment_status":"closed","ping_status":"closed","template":"","meta":{"footnotes":""},"class_list":["post-58","page","type-page","status-publish","hentry"],"_links":{"self":[{"href":"https:\/\/aufgaben.holliesoft.de\/index.php\/wp-json\/wp\/v2\/pages\/58","targetHints":{"allow":["GET"]}}],"collection":[{"href":"https:\/\/aufgaben.holliesoft.de\/index.php\/wp-json\/wp\/v2\/pages"}],"about":[{"href":"https:\/\/aufgaben.holliesoft.de\/index.php\/wp-json\/wp\/v2\/types\/page"}],"author":[{"embeddable":true,"href":"https:\/\/aufgaben.holliesoft.de\/index.php\/wp-json\/wp\/v2\/users\/1"}],"replies":[{"embeddable":true,"href":"https:\/\/aufgaben.holliesoft.de\/index.php\/wp-json\/wp\/v2\/comments?post=58"}],"version-history":[{"count":4,"href":"https:\/\/aufgaben.holliesoft.de\/index.php\/wp-json\/wp\/v2\/pages\/58\/revisions"}],"predecessor-version":[{"id":93,"href":"https:\/\/aufgaben.holliesoft.de\/index.php\/wp-json\/wp\/v2\/pages\/58\/revisions\/93"}],"wp:attachment":[{"href":"https:\/\/aufgaben.holliesoft.de\/index.php\/wp-json\/wp\/v2\/media?parent=58"}],"curies":[{"name":"wp","href":"https:\/\/api.w.org\/{rel}","templated":true}]}}