{"id":29,"date":"2018-11-29T20:01:38","date_gmt":"2018-11-29T20:01:38","guid":{"rendered":"https:\/\/aufgaben.holliesoft.de\/?page_id=29"},"modified":"2019-02-22T05:09:42","modified_gmt":"2019-02-22T05:09:42","slug":"systemvoraussetzungen","status":"publish","type":"page","link":"https:\/\/aufgaben.holliesoft.de\/index.php\/allgemeines\/systemvoraussetzungen\/","title":{"rendered":"Systemvoraussetzungen"},"content":{"rendered":"<p>Aufgaben l\u00e4uft unter folgenden Systemvoraussetzungen:<\/p>\n<table class=\"table-striped table-bordered shadow p-3 mb-5 bg-white rounded\">\n<tbody>\n<tr>\n<td style=\"width: 50%;\">Betriebssystem:<\/td>\n<td style=\"width: 50%;\">Windows 7, 8, 8.1 oder 10<\/td>\n<\/tr>\n<tr>\n<td style=\"width: 50%;\">Arbeitsspeicher:<\/td>\n<td style=\"width: 50%;\">2 GB (4 GB empfohlen)<\/td>\n<\/tr>\n<tr>\n<td style=\"width: 50%;\">Freier Platz auf der Festplatte:<\/td>\n<td style=\"width: 50%;\">10 MB<\/td>\n<\/tr>\n<tr>\n<td style=\"width: 50%;\">Sonstiges:<\/td>\n<td style=\"width: 50%;\">Microsoft .Net Framework 4.6.1 oder neuer<\/td>\n<\/tr>\n<\/tbody>\n<\/table>\n<div class=\"alert alert-warning\">Windows XP und Windows Vista werden von Aufgaben nicht mehr unterst\u00fctzt. Wenn Sie das Programm auf diesen Systemen ausf\u00fchren, erscheint eine entsprechende Hinweismeldung. Aufgaben wird in vielen F\u00e4llen trotzdem unter diesen veralteten Systemen funktionieren, wird aber bei Problemen nur auf noch von Microsoft unterst\u00fctzten Windows-Versionen ab Windows 7 supportet.<\/div>\n","protected":false},"excerpt":{"rendered":"<p>Aufgaben l\u00e4uft unter folgenden Systemvoraussetzungen: Betriebssystem: Windows 7, 8, 8.1 oder 10 Arbeitsspeicher: 2 GB (4 GB empfohlen) Freier Platz auf der Festplatte: 10 MB Sonstiges: Microsoft .Net Framework 4.6.1 oder neuer Windows XP und Windows Vista werden von Aufgaben nicht mehr unterst\u00fctzt. Wenn Sie das Programm auf diesen Systemen ausf\u00fchren, erscheint eine entsprechende Hinweismeldung. [&#8230;]<\/p>\n<p><a class=\"btn btn-secondary understrap-read-more-link\" href=\"https:\/\/aufgaben.holliesoft.de\/index.php\/allgemeines\/systemvoraussetzungen\/\">Weiterlesen\u00a0\u2026<span class=\"screen-reader-text\"> from Systemvoraussetzungen<\/span><\/a><\/p>\n","protected":false},"author":1,"featured_media":0,"parent":36,"menu_order":0,"comment_status":"closed","ping_status":"closed","template":"","meta":{"footnotes":""},"class_list":["post-29","page","type-page","status-publish","hentry"],"_links":{"self":[{"href":"https:\/\/aufgaben.holliesoft.de\/index.php\/wp-json\/wp\/v2\/pages\/29","targetHints":{"allow":["GET"]}}],"collection":[{"href":"https:\/\/aufgaben.holliesoft.de\/index.php\/wp-json\/wp\/v2\/pages"}],"about":[{"href":"https:\/\/aufgaben.holliesoft.de\/index.php\/wp-json\/wp\/v2\/types\/page"}],"author":[{"embeddable":true,"href":"https:\/\/aufgaben.holliesoft.de\/index.php\/wp-json\/wp\/v2\/users\/1"}],"replies":[{"embeddable":true,"href":"https:\/\/aufgaben.holliesoft.de\/index.php\/wp-json\/wp\/v2\/comments?post=29"}],"version-history":[{"count":3,"href":"https:\/\/aufgaben.holliesoft.de\/index.php\/wp-json\/wp\/v2\/pages\/29\/revisions"}],"predecessor-version":[{"id":140,"href":"https:\/\/aufgaben.holliesoft.de\/index.php\/wp-json\/wp\/v2\/pages\/29\/revisions\/140"}],"up":[{"embeddable":true,"href":"https:\/\/aufgaben.holliesoft.de\/index.php\/wp-json\/wp\/v2\/pages\/36"}],"wp:attachment":[{"href":"https:\/\/aufgaben.holliesoft.de\/index.php\/wp-json\/wp\/v2\/media?parent=29"}],"curies":[{"name":"wp","href":"https:\/\/api.w.org\/{rel}","templated":true}]}}