{"id":121,"date":"2018-12-20T18:29:36","date_gmt":"2018-12-20T18:29:36","guid":{"rendered":"https:\/\/aufgaben.holliesoft.de\/?page_id=121"},"modified":"2018-12-21T17:36:11","modified_gmt":"2018-12-21T17:36:11","slug":"aufgabenuebersicht","status":"publish","type":"page","link":"https:\/\/aufgaben.holliesoft.de\/index.php\/aufgaben\/aufgabenuebersicht\/","title":{"rendered":"Aufgaben\u00fcbersicht"},"content":{"rendered":"<p>Die Aufgaben\u00fcbersicht listet alle Aufgaben auf. Sie sehen auf einen Blick die wichtigsten Daten Ihrer Aufgaben:<\/p>\n<ol>\n<li>Den \u201eErledigt\u201c-Status \u2013 wenn Sie auf das K\u00e4stchen klicken, wird die Aufgabe als erledigt gekennzeichnet<\/li>\n<li>Ein Symbol, das Aufgaben mit eingestellter Erinnerung, Wiederholung oder Wiederholung mit Erinnerung kennzeichnet<\/li>\n<li>Die Priorit\u00e4t. Es gibt die Priorit\u00e4ten niedrig(?), normal (\u2022), hoch(!), sehr hoch(!!)<\/li>\n<li>Die Kategorie<\/li>\n<li>Der Titel<\/li>\n<li>Beginn der Aufgabe<\/li>\n<li>F\u00e4lligkeit der Aufgabe (Datum, an dem die Aufgabe erledigt sein sollte)<\/li>\n<\/ol>\n<p><a href=\"https:\/\/aufgaben.holliesoft.de\/wp-content\/uploads\/2018\/12\/Spalten-der-Aufgabenuebersicht.png\"><img loading=\"lazy\" decoding=\"async\" class=\"alignnone size-full wp-image-122\" src=\"https:\/\/aufgaben.holliesoft.de\/wp-content\/uploads\/2018\/12\/Spalten-der-Aufgabenuebersicht.png\" alt=\"\" width=\"889\" height=\"156\" srcset=\"https:\/\/aufgaben.holliesoft.de\/wp-content\/uploads\/2018\/12\/Spalten-der-Aufgabenuebersicht.png 889w, https:\/\/aufgaben.holliesoft.de\/wp-content\/uploads\/2018\/12\/Spalten-der-Aufgabenuebersicht-300x53.png 300w, https:\/\/aufgaben.holliesoft.de\/wp-content\/uploads\/2018\/12\/Spalten-der-Aufgabenuebersicht-768x135.png 768w\" sizes=\"auto, (max-width: 889px) 100vw, 889px\" \/><\/a><\/p>\n<p>Sie k\u00f6nnen individuell festlegen, welche Aufgaben angezeigt werden.<br \/>\nErledigte Aufgaben werden automatisch ausgeblendet, Sie k\u00f6nnen aber einstellen, dass auch erledigte Aufgaben in der Liste erscheinen. Zur besseren \u00dcbersicht wird empfohlen, die erledigten Aufgaben nicht einzublenden.<\/p>\n<p>In der Aufgaben\u00fcbersicht finden Sie auf der linken Seite mehrere Schaltfl\u00e4chen, mit denen Sie einstellen k\u00f6nnen, welche Aufgaben in der Liste angezeigt werden sollen:<\/p>\n<p><a href=\"https:\/\/aufgaben.holliesoft.de\/wp-content\/uploads\/2018\/12\/Aufgabenanzeige.png\"><img loading=\"lazy\" decoding=\"async\" class=\"alignnone size-full wp-image-123\" src=\"https:\/\/aufgaben.holliesoft.de\/wp-content\/uploads\/2018\/12\/Aufgabenanzeige.png\" alt=\"\" width=\"135\" height=\"382\" srcset=\"https:\/\/aufgaben.holliesoft.de\/wp-content\/uploads\/2018\/12\/Aufgabenanzeige.png 135w, https:\/\/aufgaben.holliesoft.de\/wp-content\/uploads\/2018\/12\/Aufgabenanzeige-106x300.png 106w\" sizes=\"auto, (max-width: 135px) 100vw, 135px\" \/><\/a><\/p>\n<table width=\"100%\">\n<tbody>\n<tr>\n<td>\n<dl>\n<dt>Alle Aufgaben<\/dt>\n<dd>Zeigt alle vorhandenen Aufgaben an<\/dd>\n<dt>Aktive Aufgaben<\/dt>\n<dd>Zeigt Aufgaben an, deren Beginn-Datum heute ist oder in der Vergangenheit liegt<\/dd>\n<dt>Aufgaben f\u00fcr\u2026 Heute \/ diese Woche \/ diesen Monat \/ die n\u00e4chsten\u2026<\/dt>\n<dd>Zeigt alle Aufgaben, deren F\u00e4lligkeitsdatum innerhalb des eingestellten Zeitraums oder in der Vergangenheit liegt<\/dd>\n<\/dl>\n<p>Unter den Schaltfl\u00e4chen f\u00fcr die Aufgaben-Anzeige finden Sie drei Kontrollk\u00e4stchen:<\/p>\n<dl>\n<dt>Zeige Aufgaben ohne F\u00e4lligkeitsdatum<\/dt>\n<dd>Wenn hier der Haken gesetzt ist, dann werden in der Aufgabenliste unabh\u00e4ngig vom gew\u00e4hlten Anzeige-Zeitraum auch die Aufgaben, die kein F\u00e4lligkeitsdatum haben (Text: &#8222;Irgendwann&#8220;) angezeigt<\/dd>\n<dt>Zeige erledigte<\/dt>\n<dd>Wenn diese Option angeschaltet ist, dann werden in der Aufgabenliste auch die erledigten Aufgaben angezeigt<\/dd>\n<dt>Aufgaben mit Erinnerung in der Zukunft ausblenden<\/dt>\n<dd>Wenn diese Option angeschaltet wird, dann werden alle Aufgaben, bei denen eine Erinnerung in der Zukunft eingestellt ist, ausgeblendet. Sobald an eine Aufgabe erinnert wurde und die Erinnerung z.B. verschoben wurde, wird die Aufgabe wieder in der Liste angezeigt, auch wenn diese Option aktiviert ist.<\/dd>\n<\/dl>\n<\/td>\n<\/tr>\n<\/tbody>\n<\/table>\n<p>Im oberen Bereich der Aufgabenliste finden Sie die die Schaltfl\u00e4chen zum Anlegen von neuen Aufgaben und eine M\u00f6glichkeit um die Aufgabenliste nach bestimmten Aufgaben zu filtern.<\/p>\n<p><a href=\"https:\/\/aufgaben.holliesoft.de\/wp-content\/uploads\/2018\/12\/Werkzeugleiste-Start.png\"><img loading=\"lazy\" decoding=\"async\" class=\"alignnone size-full wp-image-125\" src=\"https:\/\/aufgaben.holliesoft.de\/wp-content\/uploads\/2018\/12\/Werkzeugleiste-Start.png\" alt=\"\" width=\"1276\" height=\"83\" srcset=\"https:\/\/aufgaben.holliesoft.de\/wp-content\/uploads\/2018\/12\/Werkzeugleiste-Start.png 1276w, https:\/\/aufgaben.holliesoft.de\/wp-content\/uploads\/2018\/12\/Werkzeugleiste-Start-300x20.png 300w, https:\/\/aufgaben.holliesoft.de\/wp-content\/uploads\/2018\/12\/Werkzeugleiste-Start-768x50.png 768w, https:\/\/aufgaben.holliesoft.de\/wp-content\/uploads\/2018\/12\/Werkzeugleiste-Start-1024x67.png 1024w\" sizes=\"auto, (max-width: 1276px) 100vw, 1276px\" \/><\/a><\/p>\n<dl>\n<dt>\u00a0\u00a0\u00a0\u00a0\u00a0\u00a0<b>Aufgabe erstellen<\/b><\/dt>\n<\/dl>\n<dl>\n<dd>Um eine neue Aufgabe zu erstellen, klicken Sie auf die Schaltfl\u00e4che \u201eAufgabe erstellen\u201c<\/dd>\n<\/dl>\n<dl>\n<dt>\u00b7\u00a0\u00a0\u00a0\u00a0\u00a0\u00a0\u00a0\u00a0\u00a0<b>Erinnerungs-Aufgabe erstellen<\/b><\/dt>\n<\/dl>\n<dl>\n<dd>Wenn Sie nur schnell eine einfache Aufgabe zur Erinnerung erstellen m\u00f6chten, dann klicken Sie auf diese Schaltfl\u00e4che<\/dd>\n<\/dl>\n<dl>\n<dt>\u00b7\u00a0\u00a0\u00a0\u00a0\u00a0\u00a0\u00a0\u00a0\u00a0<b>Kategorie<\/b><\/dt>\n<\/dl>\n<dl>\n<dd>Wenn Sie mit der Klappliste \u201eKategorie\u201c eine Kategorie ausw\u00e4hlen, dann werden nur Aufgaben angezeigt, bei denen diese Kategorie eingestellt ist<\/dd>\n<\/dl>\n<dl>\n<dt>\u00b7\u00a0\u00a0\u00a0\u00a0\u00a0\u00a0\u00a0\u00a0\u00a0<b>Text<\/b><\/dt>\n<\/dl>\n<dl>\n<dd>Wenn Sie eine Aufgabe mit einem bestimmten Titel suchen, dann k\u00f6nnen Sie den Titel hier eingeben<\/dd>\n<\/dl>\n<dl>\n<dt>\u00b7\u00a0\u00a0\u00a0\u00a0\u00a0\u00a0\u00a0\u00a0\u00a0<b>Zur\u00fccksetzen<\/b><\/dt>\n<\/dl>\n<dl>\n<dd>Setzt alle Filtereinstellungen zur\u00fcck und zeigt alle Aufgaben f\u00fcr den eingestellten Anzeigezeitraum wieder ungefiltert an<\/dd>\n<\/dl>\n<dl>\n<dt>\u00b7\u00a0\u00a0\u00a0\u00a0\u00a0\u00a0\u00a0\u00a0\u00a0<b>Info\u2026<\/b><\/dt>\n<\/dl>\n<dl>\n<dd>Zeigt Infos \u00fcber das Programm<\/dd>\n<\/dl>\n<h2>Aufgaben \u00fcber die Aufgabenliste bearbeiten<\/h2>\n<p style=\"font-weight: 400;\">Sie haben die folgenden M\u00f6glichkeiten zur Bearbeitung der angezeigten Aufgaben:<\/p>\n<table class=\"table-bordered table-striped\">\n<tbody>\n<tr style=\"height: 27px;\">\n<th style=\"height: 27px; width: 7.005%;\">Funktion<\/th>\n<th style=\"height: 27px; width: 11.0793%;\">Aufruf der Funktion<\/th>\n<th style=\"height: 27px; width: 81.8442%;\">Beschreibung<\/th>\n<\/tr>\n<tr style=\"height: 51px;\">\n<td style=\"height: 51px; width: 7.005%;\">Erledigen<\/td>\n<td style=\"height: 51px; width: 11.0793%;\">Kontrollk\u00e4stchen vor der Aufgabe:<\/td>\n<td style=\"height: 51px; width: 81.8442%;\">Sie k\u00f6nnen Aufgaben in der Aufgabenliste \u00fcber einen Klick auf das Kontrollk\u00e4stchen in der ersten Spalte erledigen. Eine Aufgabe wird erledigt, wenn diese abgeschlossen ist. Erledigte Aufgaben werden standardm\u00e4\u00dfig aus der Aufgabenliste ausgeblendet.<\/td>\n<\/tr>\n<tr style=\"height: 51px;\">\n<td style=\"height: 51px; width: 7.005%;\">Bearbeiten<\/td>\n<td style=\"height: 51px; width: 11.0793%;\">Doppelklick auf einen Eintrag<\/td>\n<td style=\"height: 51px; width: 81.8442%;\">Beim Doppelklick auf eine Aufgabe \u00f6ffnet sich ein Dialog, in dem Sie die Aufgabe bearbeiten k\u00f6nnen.<\/td>\n<\/tr>\n<tr style=\"height: 225px;\">\n<td style=\"height: 225px; width: 7.005%;\">Kontextmen\u00fc<\/td>\n<td style=\"height: 225px; width: 11.0793%;\">Rechtsklick auf einen Eintrag<\/td>\n<td style=\"height: 225px; width: 81.8442%;\">Bei Rechtsklick auf eine Aufgabe \u00f6ffnet sich ein Kontextmen\u00fc.\u00a0\u00a0\u00dcber dieses Men\u00fc k\u00f6nnen Sie die markierte Aufgabe erledigen, bearbeiten, kopieren, drucken oder l\u00f6schen:<\/p>\n<p><a href=\"https:\/\/aufgaben.holliesoft.de\/wp-content\/uploads\/2018\/12\/Kontextmenu-Aufgabe.png\"><img loading=\"lazy\" decoding=\"async\" class=\"alignnone size-full wp-image-126\" src=\"https:\/\/aufgaben.holliesoft.de\/wp-content\/uploads\/2018\/12\/Kontextmenu-Aufgabe.png\" alt=\"\" width=\"229\" height=\"142\" \/><\/a><\/td>\n<\/tr>\n<\/tbody>\n<\/table>\n<div style=\"border-radius: 5px; padding: 5px; font-size: 1.0em; box-shadow: 5px 5px 10px #808080; border: 4px Solid #0080ff;\">\n<h3>Hinweis zu Serienaufgaben<\/h3>\n<p>Wenn Sie eine Serienaufgabe bearbeiten wollen, werden Sie gefragt, ob Sie\u00a0die ganze Aufgabenserie oder nur die n\u00e4chste f\u00e4llige Aufgabe aus der Serie\u00a0bearbeiten wollen. Auch beim L\u00f6schen einer Serie werden Sie gefragt, ob\u00a0die ganze Serie oder nur die n\u00e4chste f\u00e4llige Aufgabe gel\u00f6scht werden soll.<\/p>\n<\/div>\n<p>&nbsp;<\/p>\n<h2>Aufgabenliste drucken<\/h2>\n<p>\u00dcber den Men\u00fcpunkt \u201eListe drucken\u201c kann die Aufgabenliste gedruckt werden. Nach Aufruf des Men\u00fcpunkts wird das Druckfenster angezeigt.<\/p>\n<h2>Reiter &#8222;Erweitert&#8220;<\/h2>\n<p><a href=\"https:\/\/aufgaben.holliesoft.de\/wp-content\/uploads\/2018\/12\/Werkzeugleiste-Erweitert.png\"><img loading=\"lazy\" decoding=\"async\" class=\"alignnone size-full wp-image-127\" src=\"https:\/\/aufgaben.holliesoft.de\/wp-content\/uploads\/2018\/12\/Werkzeugleiste-Erweitert.png\" alt=\"\" width=\"1020\" height=\"83\" srcset=\"https:\/\/aufgaben.holliesoft.de\/wp-content\/uploads\/2018\/12\/Werkzeugleiste-Erweitert.png 1020w, https:\/\/aufgaben.holliesoft.de\/wp-content\/uploads\/2018\/12\/Werkzeugleiste-Erweitert-300x24.png 300w, https:\/\/aufgaben.holliesoft.de\/wp-content\/uploads\/2018\/12\/Werkzeugleiste-Erweitert-768x62.png 768w\" sizes=\"auto, (max-width: 1020px) 100vw, 1020px\" \/><\/a><\/p>\n<dl>\n<dt>Einstellungen<\/dt>\n<dd>\u00d6ffnet die Einstellungen zu Aufgaben<\/dd>\n<dt>Geburtstage bearbeiten<\/dt>\n<\/dl>\n<dl>\u00d6ffnet das Fenster zum Erfassen und Bearbeiten von Geburtstagen<\/dl>\n<dl>\n<dt>Einstellungen f\u00fcr Geburtstage<\/dt>\n<dd>\u00a0Zeigt den Einstellungsdialog f\u00fcr die Geburtstage<\/dd>\n<dt>Aktuelle Geburtstage anzeigen<\/dt>\n<dd>\u00a0Zeigt die aktuellen Geburtstage in einem Dialogfenster an<\/dd>\n<dt>Papierkorb<\/dt>\n<dd>Zeigt den Papierkorb an. Im Papierkorb werden die gel\u00f6schten Aufgaben aufgehoben, bis sie endg\u00fcltig gel\u00f6scht werden.<\/dd>\n<\/dl>\n<h2>Schlie\u00dfen der Aufgaben-Liste<\/h2>\n<p>Wenn Sie die Aufgabenliste schlie\u00dfen, wird das Programm nicht beendet. Erinnerungen werden weiterhin angezeigt. Sie k\u00f6nnen die Aufgabenliste \u00fcber das Symbol im Infobereich der Taskleiste wieder anzeigen lassen, indem Sie auf das Symbol doppelklicken.<\/p>\n","protected":false},"excerpt":{"rendered":"<p>Die Aufgaben\u00fcbersicht listet alle Aufgaben auf. Sie sehen auf einen Blick die wichtigsten Daten Ihrer Aufgaben: Den \u201eErledigt\u201c-Status \u2013 wenn Sie auf das K\u00e4stchen klicken, wird die Aufgabe als erledigt gekennzeichnet Ein Symbol, das Aufgaben mit eingestellter Erinnerung, Wiederholung oder Wiederholung mit Erinnerung kennzeichnet Die Priorit\u00e4t. Es gibt die Priorit\u00e4ten niedrig(?), normal (\u2022), hoch(!), sehr [&#8230;]<\/p>\n<p><a class=\"btn btn-secondary understrap-read-more-link\" href=\"https:\/\/aufgaben.holliesoft.de\/index.php\/aufgaben\/aufgabenuebersicht\/\">Weiterlesen\u00a0\u2026<span class=\"screen-reader-text\"> from Aufgaben\u00fcbersicht<\/span><\/a><\/p>\n","protected":false},"author":1,"featured_media":0,"parent":107,"menu_order":0,"comment_status":"closed","ping_status":"closed","template":"","meta":{"footnotes":""},"class_list":["post-121","page","type-page","status-publish","hentry"],"_links":{"self":[{"href":"https:\/\/aufgaben.holliesoft.de\/index.php\/wp-json\/wp\/v2\/pages\/121","targetHints":{"allow":["GET"]}}],"collection":[{"href":"https:\/\/aufgaben.holliesoft.de\/index.php\/wp-json\/wp\/v2\/pages"}],"about":[{"href":"https:\/\/aufgaben.holliesoft.de\/index.php\/wp-json\/wp\/v2\/types\/page"}],"author":[{"embeddable":true,"href":"https:\/\/aufgaben.holliesoft.de\/index.php\/wp-json\/wp\/v2\/users\/1"}],"replies":[{"embeddable":true,"href":"https:\/\/aufgaben.holliesoft.de\/index.php\/wp-json\/wp\/v2\/comments?post=121"}],"version-history":[{"count":3,"href":"https:\/\/aufgaben.holliesoft.de\/index.php\/wp-json\/wp\/v2\/pages\/121\/revisions"}],"predecessor-version":[{"id":135,"href":"https:\/\/aufgaben.holliesoft.de\/index.php\/wp-json\/wp\/v2\/pages\/121\/revisions\/135"}],"up":[{"embeddable":true,"href":"https:\/\/aufgaben.holliesoft.de\/index.php\/wp-json\/wp\/v2\/pages\/107"}],"wp:attachment":[{"href":"https:\/\/aufgaben.holliesoft.de\/index.php\/wp-json\/wp\/v2\/media?parent=121"}],"curies":[{"name":"wp","href":"https:\/\/api.w.org\/{rel}","templated":true}]}}