{"id":105,"date":"2018-12-19T16:04:38","date_gmt":"2018-12-19T16:04:38","guid":{"rendered":"https:\/\/aufgaben.holliesoft.de\/?page_id=105"},"modified":"2018-12-20T05:07:40","modified_gmt":"2018-12-20T05:07:40","slug":"datums-und-zeiteingabe","status":"publish","type":"page","link":"https:\/\/aufgaben.holliesoft.de\/index.php\/datums-und-zeiteingabe\/","title":{"rendered":"Datums- und Zeiteingabe"},"content":{"rendered":"<p>Im Datumseingabe-Feld sind mehrere Varianten zur Eingabe des Datums zul\u00e4ssig.<br \/>\nNeben dem Standard-Format \u201eTT.MM.JJJJ\u201c (Tag 2stellig, Monat 2stellig, Jahr 4stellig) ist auch die Eingabe von Wochentagen (Montag, Dienstag\u2026) und relative Angaben wie z.B. \u201emorgen\u201c oder \u201e\u00fcbermorgen\u201c m\u00f6glich.<br \/>\nHier eine \u00dcbersicht \u00fcber die m\u00f6glichen Eingabewerte f\u00fcr das Datum:<\/p>\n<ul>\n<li>5 Tage (Anzahl der Tage von 1-999)<\/li>\n<li>3 Arbeitstage (Anzahl der Tage von 1-999)<\/li>\n<li>Ende der Arbeitswoche<\/li>\n<li>Diese Woche<\/li>\n<li>Ende der Woche<\/li>\n<li>Aktuelle Woche<\/li>\n<li>2 Wochen\u00a0(Anzahl der Wochen von 1-999)<\/li>\n<li>3 Monate\u00a0(Anzahl der Monate von 1-999)<\/li>\n<li>Ende des Monats<\/li>\n<li>Monatsende<\/li>\n<li>Montag<\/li>\n<li>Dienstag<\/li>\n<li>Mittwoch<\/li>\n<li>Donnerstag<\/li>\n<li>Freitag<\/li>\n<li>Samstag<\/li>\n<li>Sonntag<\/li>\n<li>Vorgestern<\/li>\n<li>Gestern<\/li>\n<li>Heute<\/li>\n<li>Morgen<\/li>\n<li>\u00dcbermorgen<\/li>\n<li>Vorletzte Woche<\/li>\n<li>Letzte Woche<\/li>\n<li>vergangene Woche<\/li>\n<li>kommende Woche<\/li>\n<li>n\u00e4chste Woche<\/li>\n<li>\u00fcbern\u00e4chste Woche<\/li>\n<\/ul>\n<p>Unvollst\u00e4ndige Datumsangaben werden \u2013 sofern es sich um den g\u00fcltigen Anfang eines Datums handelt \u2013 zum n\u00e4chsten Datum ab dem aktuellen Tag vervollst\u00e4ndigt.<br \/>\nEbenso kann eine Datumseingabe im Format \u201eT.M.JJ\u201c erkannt werden (Tag und Monat 1stellig, Jahr 2stellig). Dabei werden Jahresangaben bis einschlie\u00dflich 29 als Jahre im 21. Jahrhundert interpretiert, alle h\u00f6heren Zahlen als Jahre im 20. Jahrhundert. Beispiele: 1.1.29 wird zu 01.01.2029, 1.1.30 wird zu 01.01.1930.<br \/>\nBeispiel:<br \/>\nWird am 19.12.2018 im Datumsfeld die Zahl \u201e20\u201c eingegeben, dann wird als Datum \u201e20.12.2018\u201c ausgew\u00e4hlt.<br \/>\nWird am 19.12.2018 die Zahl \u201e18\u201c eingegeben, dann wird das Datum \u201e18.01.2019\u201c ausgew\u00e4hlt (also der 18. Tag des kommenden Monats).<\/p>\n<p>Im Eingabefeld f\u00fcr die Uhrzeit werden Zahleneingaben von 0-23 zu einer vollst\u00e4ndigen Stunde vervollst\u00e4ndigt. Zum Beispiel wird aus der Eingabe \u201e13\u201c die Uhrzeit \u201e13:00\u201c.<\/p>\n<p>Alternativ kann die Uhrzeit in 15-Minuten-Schritten \u00fcber die Aufklappliste ausgew\u00e4hlt werden:<\/p>\n<p><a href=\"https:\/\/aufgaben.holliesoft.de\/wp-content\/uploads\/2018\/12\/Aufgaben_Uhrzeit_Combo.png\"><img loading=\"lazy\" decoding=\"async\" class=\"alignnone size-full wp-image-114\" src=\"https:\/\/aufgaben.holliesoft.de\/wp-content\/uploads\/2018\/12\/Aufgaben_Uhrzeit_Combo.png\" alt=\"\" width=\"54\" height=\"80\" \/><\/a><\/p>\n","protected":false},"excerpt":{"rendered":"<p>Im Datumseingabe-Feld sind mehrere Varianten zur Eingabe des Datums zul\u00e4ssig. Neben dem Standard-Format \u201eTT.MM.JJJJ\u201c (Tag 2stellig, Monat 2stellig, Jahr 4stellig) ist auch die Eingabe von Wochentagen (Montag, Dienstag\u2026) und relative Angaben wie z.B. \u201emorgen\u201c oder \u201e\u00fcbermorgen\u201c m\u00f6glich. Hier eine \u00dcbersicht \u00fcber die m\u00f6glichen Eingabewerte f\u00fcr das Datum: 5 Tage (Anzahl der Tage von 1-999) 3 [&#8230;]<\/p>\n<p><a class=\"btn btn-secondary understrap-read-more-link\" href=\"https:\/\/aufgaben.holliesoft.de\/index.php\/datums-und-zeiteingabe\/\">Weiterlesen\u00a0\u2026<span class=\"screen-reader-text\"> from Datums- und Zeiteingabe<\/span><\/a><\/p>\n","protected":false},"author":1,"featured_media":0,"parent":0,"menu_order":0,"comment_status":"closed","ping_status":"closed","template":"","meta":{"footnotes":""},"class_list":["post-105","page","type-page","status-publish","hentry"],"_links":{"self":[{"href":"https:\/\/aufgaben.holliesoft.de\/index.php\/wp-json\/wp\/v2\/pages\/105","targetHints":{"allow":["GET"]}}],"collection":[{"href":"https:\/\/aufgaben.holliesoft.de\/index.php\/wp-json\/wp\/v2\/pages"}],"about":[{"href":"https:\/\/aufgaben.holliesoft.de\/index.php\/wp-json\/wp\/v2\/types\/page"}],"author":[{"embeddable":true,"href":"https:\/\/aufgaben.holliesoft.de\/index.php\/wp-json\/wp\/v2\/users\/1"}],"replies":[{"embeddable":true,"href":"https:\/\/aufgaben.holliesoft.de\/index.php\/wp-json\/wp\/v2\/comments?post=105"}],"version-history":[{"count":3,"href":"https:\/\/aufgaben.holliesoft.de\/index.php\/wp-json\/wp\/v2\/pages\/105\/revisions"}],"predecessor-version":[{"id":115,"href":"https:\/\/aufgaben.holliesoft.de\/index.php\/wp-json\/wp\/v2\/pages\/105\/revisions\/115"}],"wp:attachment":[{"href":"https:\/\/aufgaben.holliesoft.de\/index.php\/wp-json\/wp\/v2\/media?parent=105"}],"curies":[{"name":"wp","href":"https:\/\/api.w.org\/{rel}","templated":true}]}}